{"id":438,"date":"2020-12-10T10:16:56","date_gmt":"2020-12-10T09:16:56","guid":{"rendered":"https:\/\/reflexologue-karineborget.com\/?page_id=438"},"modified":"2020-12-15T16:08:22","modified_gmt":"2020-12-15T15:08:22","slug":"les-contre-indications","status":"publish","type":"page","link":"https:\/\/reflexologue-karineborget.com\/index.php\/les-contre-indications\/","title":{"rendered":"Les contre-indications"},"content":{"rendered":"\t\t<div data-elementor-type=\"wp-page\" data-elementor-id=\"438\" class=\"elementor elementor-438\">\n\t\t\t\t\t\t<section class=\"elementor-section elementor-top-section elementor-element elementor-element-318432d elementor-section-full_width elementor-section-height-default elementor-section-height-default\" data-id=\"318432d\" data-element_type=\"section\">\n\t\t\t\t\t\t<div class=\"elementor-container elementor-column-gap-default\">\n\t\t\t\t\t<div class=\"elementor-column elementor-col-100 elementor-top-column elementor-element elementor-element-1efe61d\" data-id=\"1efe61d\" data-element_type=\"column\">\n\t\t\t<div class=\"elementor-widget-wrap elementor-element-populated\">\n\t\t\t\t\t\t<div class=\"elementor-element elementor-element-9365717 elementor-widget elementor-widget-image\" data-id=\"9365717\" data-element_type=\"widget\" data-widget_type=\"image.default\">\n\t\t\t\t<div class=\"elementor-widget-container\">\n\t\t\t\t\t\t\t\t\t\t\t\t\t\t\t<img fetchpriority=\"high\" decoding=\"async\" width=\"3072\" height=\"450\" src=\"https:\/\/reflexologue-karineborget.com\/wp-content\/uploads\/2020\/12\/Copie-de-Page-Infos-pratiques-site-Karine-1.png\" class=\"attachment-full size-full wp-image-551\" alt=\"\" srcset=\"https:\/\/reflexologue-karineborget.com\/wp-content\/uploads\/2020\/12\/Copie-de-Page-Infos-pratiques-site-Karine-1.png 3072w, https:\/\/reflexologue-karineborget.com\/wp-content\/uploads\/2020\/12\/Copie-de-Page-Infos-pratiques-site-Karine-1-600x88.png 600w, https:\/\/reflexologue-karineborget.com\/wp-content\/uploads\/2020\/12\/Copie-de-Page-Infos-pratiques-site-Karine-1-300x44.png 300w, https:\/\/reflexologue-karineborget.com\/wp-content\/uploads\/2020\/12\/Copie-de-Page-Infos-pratiques-site-Karine-1-1024x150.png 1024w, https:\/\/reflexologue-karineborget.com\/wp-content\/uploads\/2020\/12\/Copie-de-Page-Infos-pratiques-site-Karine-1-768x113.png 768w, https:\/\/reflexologue-karineborget.com\/wp-content\/uploads\/2020\/12\/Copie-de-Page-Infos-pratiques-site-Karine-1-1536x225.png 1536w, https:\/\/reflexologue-karineborget.com\/wp-content\/uploads\/2020\/12\/Copie-de-Page-Infos-pratiques-site-Karine-1-2048x300.png 2048w\" sizes=\"(max-width: 3072px) 100vw, 3072px\" \/>\t\t\t\t\t\t\t\t\t\t\t\t\t\t\t<\/div>\n\t\t\t\t<\/div>\n\t\t\t\t\t<\/div>\n\t\t<\/div>\n\t\t\t\t\t<\/div>\n\t\t<\/section>\n\t\t\t\t<section class=\"elementor-section elementor-top-section elementor-element elementor-element-f4b9d5c elementor-section-boxed elementor-section-height-default elementor-section-height-default\" data-id=\"f4b9d5c\" data-element_type=\"section\">\n\t\t\t\t\t\t<div class=\"elementor-container elementor-column-gap-default\">\n\t\t\t\t\t<div class=\"elementor-column elementor-col-100 elementor-top-column elementor-element elementor-element-f1de0e9\" data-id=\"f1de0e9\" data-element_type=\"column\">\n\t\t\t<div class=\"elementor-widget-wrap elementor-element-populated\">\n\t\t\t\t\t\t<div class=\"elementor-element elementor-element-2887ce5 elementor-widget elementor-widget-text-editor\" data-id=\"2887ce5\" data-element_type=\"widget\" data-widget_type=\"text-editor.default\">\n\t\t\t\t<div class=\"elementor-widget-container\">\n\t\t\t\t\t\t\t\t\t<p><span style=\"vertical-align: inherit;\"><span style=\"vertical-align: inherit;\"><span style=\"vertical-align: inherit;\"><span style=\"vertical-align: inherit;\"><span style=\"vertical-align: inherit;\"><span style=\"vertical-align: inherit;\"><span style=\"vertical-align: inherit;\"><span style=\"vertical-align: inherit;\">La r\u00e9flexologie est d\u00e9conseill\u00e9e aux personnes souffrant de maladie cardiaque r\u00e9cente, phl\u00e9bite r\u00e9cente, op\u00e9ration r\u00e9cente, entorse. <\/span><\/span><\/span><\/span><\/span><\/span><\/span><span style=\"vertical-align: inherit;\"><span style=\"vertical-align: inherit;\"><span style=\"vertical-align: inherit;\"><span style=\"vertical-align: inherit;\"><span style=\"vertical-align: inherit;\"><span style=\"vertical-align: inherit;\"><span style=\"vertical-align: inherit;\">Il est n\u00e9cessaire d&rsquo;attendre 6 \u00e0 8 semaines apr\u00e8s la cicatrisation, plaie ou traumatisme au pied. <\/span><\/span><\/span><\/span><\/span><\/span><\/span><span style=\"vertical-align: inherit;\"><span style=\"vertical-align: inherit;\"><span style=\"vertical-align: inherit;\"><span style=\"vertical-align: inherit;\"><span style=\"vertical-align: inherit;\"><span style=\"vertical-align: inherit;\"><span style=\"vertical-align: inherit;\">Elle est \u00e9galement proscrite pendant les trois premiers mois de la grossesse<\/span><\/span><\/span><\/span><\/span><\/span><\/span><\/span><\/p>\t\t\t\t\t\t\t\t<\/div>\n\t\t\t\t<\/div>\n\t\t\t\t\t<\/div>\n\t\t<\/div>\n\t\t\t\t\t<\/div>\n\t\t<\/section>\n\t\t\t\t<\/div>\n\t\t","protected":false},"excerpt":{"rendered":"<p>La r\u00e9flexologie est d\u00e9conseill\u00e9e aux personnes souffrant de maladie cardiaque r\u00e9cente, phl\u00e9bite r\u00e9cente, op\u00e9ration r\u00e9cente, entorse. Il est n\u00e9cessaire d&rsquo;attendre 6 \u00e0 8 semaines apr\u00e8s la cicatrisation, plaie ou traumatisme au pied. Elle est \u00e9galement proscrite pendant les trois premiers mois de la grossesse<\/p>\n","protected":false},"author":1,"featured_media":0,"parent":0,"menu_order":0,"comment_status":"closed","ping_status":"closed","template":"","meta":{"site-sidebar-layout":"no-sidebar","site-content-layout":"page-builder","ast-site-content-layout":"","site-content-style":"default","site-sidebar-style":"default","ast-global-header-display":"","ast-banner-title-visibility":"","ast-main-header-display":"","ast-hfb-above-header-display":"","ast-hfb-below-header-display":"","ast-hfb-mobile-header-display":"","site-post-title":"disabled","ast-breadcrumbs-content":"","ast-featured-img":"disabled","footer-sml-layout":"","theme-transparent-header-meta":"default","adv-header-id-meta":"","stick-header-meta":"","header-above-stick-meta":"","header-main-stick-meta":"","header-below-stick-meta":"","astra-migrate-meta-layouts":"default","ast-page-background-enabled":"default","ast-page-background-meta":{"desktop":{"background-color":"var(--ast-global-color-4)","background-image":"","background-repeat":"repeat","background-position":"center center","background-size":"auto","background-attachment":"scroll","background-type":"","background-media":"","overlay-type":"","overlay-color":"","overlay-opacity":"","overlay-gradient":""},"tablet":{"background-color":"","background-image":"","background-repeat":"repeat","background-position":"center center","background-size":"auto","background-attachment":"scroll","background-type":"","background-media":"","overlay-type":"","overlay-color":"","overlay-opacity":"","overlay-gradient":""},"mobile":{"background-color":"","background-image":"","background-repeat":"repeat","background-position":"center center","background-size":"auto","background-attachment":"scroll","background-type":"","background-media":"","overlay-type":"","overlay-color":"","overlay-opacity":"","overlay-gradient":""}},"ast-content-background-meta":{"desktop":{"background-color":"var(--ast-global-color-5)","background-image":"","background-repeat":"repeat","background-position":"center center","background-size":"auto","background-attachment":"scroll","background-type":"","background-media":"","overlay-type":"","overlay-color":"","overlay-opacity":"","overlay-gradient":""},"tablet":{"background-color":"var(--ast-global-color-5)","background-image":"","background-repeat":"repeat","background-position":"center center","background-size":"auto","background-attachment":"scroll","background-type":"","background-media":"","overlay-type":"","overlay-color":"","overlay-opacity":"","overlay-gradient":""},"mobile":{"background-color":"var(--ast-global-color-5)","background-image":"","background-repeat":"repeat","background-position":"center center","background-size":"auto","background-attachment":"scroll","background-type":"","background-media":"","overlay-type":"","overlay-color":"","overlay-opacity":"","overlay-gradient":""}},"footnotes":""},"class_list":["post-438","page","type-page","status-publish","hentry"],"jetpack_sharing_enabled":true,"_links":{"self":[{"href":"https:\/\/reflexologue-karineborget.com\/index.php\/wp-json\/wp\/v2\/pages\/438","targetHints":{"allow":["GET"]}}],"collection":[{"href":"https:\/\/reflexologue-karineborget.com\/index.php\/wp-json\/wp\/v2\/pages"}],"about":[{"href":"https:\/\/reflexologue-karineborget.com\/index.php\/wp-json\/wp\/v2\/types\/page"}],"author":[{"embeddable":true,"href":"https:\/\/reflexologue-karineborget.com\/index.php\/wp-json\/wp\/v2\/users\/1"}],"replies":[{"embeddable":true,"href":"https:\/\/reflexologue-karineborget.com\/index.php\/wp-json\/wp\/v2\/comments?post=438"}],"version-history":[{"count":10,"href":"https:\/\/reflexologue-karineborget.com\/index.php\/wp-json\/wp\/v2\/pages\/438\/revisions"}],"predecessor-version":[{"id":830,"href":"https:\/\/reflexologue-karineborget.com\/index.php\/wp-json\/wp\/v2\/pages\/438\/revisions\/830"}],"wp:attachment":[{"href":"https:\/\/reflexologue-karineborget.com\/index.php\/wp-json\/wp\/v2\/media?parent=438"}],"curies":[{"name":"wp","href":"https:\/\/api.w.org\/{rel}","templated":true}]}}