{"id":139,"date":"2020-11-18T13:57:58","date_gmt":"2020-11-18T12:57:58","guid":{"rendered":"https:\/\/reflexologue-karineborget.com\/?page_id=139"},"modified":"2020-12-15T12:13:00","modified_gmt":"2020-12-15T11:13:00","slug":"infos-pratiques","status":"publish","type":"page","link":"https:\/\/reflexologue-karineborget.com\/index.php\/infos-pratiques\/","title":{"rendered":"INFOS PRATIQUES"},"content":{"rendered":"\t\t<div data-elementor-type=\"wp-page\" data-elementor-id=\"139\" class=\"elementor elementor-139\">\n\t\t\t\t\t\t<section class=\"elementor-section elementor-top-section elementor-element elementor-element-669731a elementor-section-boxed elementor-section-height-default elementor-section-height-default\" data-id=\"669731a\" data-element_type=\"section\">\n\t\t\t\t\t\t<div class=\"elementor-container elementor-column-gap-default\">\n\t\t\t\t\t<div class=\"elementor-column elementor-col-100 elementor-top-column elementor-element elementor-element-98973bd\" data-id=\"98973bd\" data-element_type=\"column\">\n\t\t\t<div class=\"elementor-widget-wrap elementor-element-populated\">\n\t\t\t\t\t\t<div class=\"elementor-element elementor-element-0c12abe elementor-widget elementor-widget-heading\" data-id=\"0c12abe\" data-element_type=\"widget\" id=\"horaires\" data-widget_type=\"heading.default\">\n\t\t\t\t<div class=\"elementor-widget-container\">\n\t\t\t\t\t<h2 class=\"elementor-heading-title elementor-size-default\">LES HORAIRES<\/h2>\t\t\t\t<\/div>\n\t\t\t\t<\/div>\n\t\t\t\t\t<\/div>\n\t\t<\/div>\n\t\t\t\t\t<\/div>\n\t\t<\/section>\n\t\t\t\t<section class=\"elementor-section elementor-top-section elementor-element elementor-element-dcbdd4e elementor-section-full_width elementor-section-height-default elementor-section-height-default\" data-id=\"dcbdd4e\" data-element_type=\"section\">\n\t\t\t\t\t\t<div class=\"elementor-container elementor-column-gap-default\">\n\t\t\t\t\t<div class=\"elementor-column elementor-col-100 elementor-top-column elementor-element elementor-element-854c355\" data-id=\"854c355\" data-element_type=\"column\">\n\t\t\t<div class=\"elementor-widget-wrap elementor-element-populated\">\n\t\t\t\t\t\t<div class=\"elementor-element elementor-element-e90e6b6 elementor-widget elementor-widget-text-editor\" data-id=\"e90e6b6\" data-element_type=\"widget\" data-widget_type=\"text-editor.default\">\n\t\t\t\t<div class=\"elementor-widget-container\">\n\t\t\t\t\t\t\t\t\t<p class=\"_04xlpA direction-ltr align-center para-style-body\"><span class=\"JsGRdQ\"><span style=\"vertical-align: inherit;\"><span style=\"vertical-align: inherit;\"><span style=\"vertical-align: inherit;\"><span style=\"vertical-align: inherit;\">Je vous propose des soins en r\u00e9flexologie plantaire, palmaire <\/span><\/span><\/span><\/span><\/span><span class=\"JsGRdQ\"><span style=\"vertical-align: inherit;\"><span style=\"vertical-align: inherit;\"><span style=\"vertical-align: inherit;\"><span style=\"vertical-align: inherit;\">et \u00e9motionnelle et vous accueille sur rendez-vous du lundi au vendredi de 9h \u00e0 19h.<\/span><\/span><\/span><\/span><\/span><\/p>\t\t\t\t\t\t\t\t<\/div>\n\t\t\t\t<\/div>\n\t\t\t\t\t<\/div>\n\t\t<\/div>\n\t\t\t\t\t<\/div>\n\t\t<\/section>\n\t\t\t\t<section class=\"elementor-section elementor-top-section elementor-element elementor-element-cfecc10 elementor-section-full_width elementor-section-height-default elementor-section-height-default\" data-id=\"cfecc10\" data-element_type=\"section\">\n\t\t\t\t\t\t<div class=\"elementor-container elementor-column-gap-default\">\n\t\t\t\t\t<div class=\"elementor-column elementor-col-100 elementor-top-column elementor-element elementor-element-a705f75\" data-id=\"a705f75\" data-element_type=\"column\">\n\t\t\t<div class=\"elementor-widget-wrap elementor-element-populated\">\n\t\t\t\t\t\t<div class=\"elementor-element elementor-element-0c8d38c elementor-widget elementor-widget-image\" data-id=\"0c8d38c\" data-element_type=\"widget\" data-widget_type=\"image.default\">\n\t\t\t\t<div class=\"elementor-widget-container\">\n\t\t\t\t\t\t\t\t\t\t\t\t\t\t\t<img fetchpriority=\"high\" decoding=\"async\" width=\"2048\" height=\"700\" src=\"https:\/\/reflexologue-karineborget.com\/wp-content\/uploads\/2020\/12\/Page-Infos-pratiques-site-Karine-1-2048x700.png\" class=\"attachment-2048x2048 size-2048x2048 wp-image-302\" alt=\"\" srcset=\"https:\/\/reflexologue-karineborget.com\/wp-content\/uploads\/2020\/12\/Page-Infos-pratiques-site-Karine-1-2048x700.png 2048w, https:\/\/reflexologue-karineborget.com\/wp-content\/uploads\/2020\/12\/Page-Infos-pratiques-site-Karine-1-600x205.png 600w, https:\/\/reflexologue-karineborget.com\/wp-content\/uploads\/2020\/12\/Page-Infos-pratiques-site-Karine-1-300x103.png 300w, https:\/\/reflexologue-karineborget.com\/wp-content\/uploads\/2020\/12\/Page-Infos-pratiques-site-Karine-1-1024x350.png 1024w, https:\/\/reflexologue-karineborget.com\/wp-content\/uploads\/2020\/12\/Page-Infos-pratiques-site-Karine-1-768x263.png 768w, https:\/\/reflexologue-karineborget.com\/wp-content\/uploads\/2020\/12\/Page-Infos-pratiques-site-Karine-1-1536x525.png 1536w\" sizes=\"(max-width: 2048px) 100vw, 2048px\" \/>\t\t\t\t\t\t\t\t\t\t\t\t\t\t\t<\/div>\n\t\t\t\t<\/div>\n\t\t\t\t\t<\/div>\n\t\t<\/div>\n\t\t\t\t\t<\/div>\n\t\t<\/section>\n\t\t\t\t<section class=\"elementor-section elementor-top-section elementor-element elementor-element-2967ae6 elementor-section-full_width elementor-section-height-default elementor-section-height-default\" data-id=\"2967ae6\" data-element_type=\"section\">\n\t\t\t\t\t\t<div class=\"elementor-container elementor-column-gap-default\">\n\t\t\t\t\t<div class=\"elementor-column elementor-col-100 elementor-top-column elementor-element elementor-element-de7b4ac\" data-id=\"de7b4ac\" data-element_type=\"column\">\n\t\t\t<div class=\"elementor-widget-wrap elementor-element-populated\">\n\t\t\t\t\t\t<div class=\"elementor-element elementor-element-4b35a17 elementor-widget elementor-widget-image\" data-id=\"4b35a17\" data-element_type=\"widget\" data-widget_type=\"image.default\">\n\t\t\t\t<div class=\"elementor-widget-container\">\n\t\t\t\t\t\t\t\t\t\t\t\t\t\t\t\t<a href=\"https:\/\/www.google.com\/maps\/place\/11+Rue+Claude+Debussy,+85190+Aizenay\/@46.734699,-1.6064814,17z\/data=!3m1!4b1!4m5!3m4!1s0x480436085a901039:0xc81de39bf17ade3d!8m2!3d46.734699!4d-1.6042927\">\n\t\t\t\t\t\t\t<img decoding=\"async\" width=\"1536\" height=\"525\" src=\"https:\/\/reflexologue-karineborget.com\/wp-content\/uploads\/2020\/12\/Page-Infos-pratiques-site-Karine-5-1536x525.png\" class=\"attachment-1536x1536 size-1536x1536 wp-image-652\" alt=\"\" srcset=\"https:\/\/reflexologue-karineborget.com\/wp-content\/uploads\/2020\/12\/Page-Infos-pratiques-site-Karine-5-1536x525.png 1536w, https:\/\/reflexologue-karineborget.com\/wp-content\/uploads\/2020\/12\/Page-Infos-pratiques-site-Karine-5-600x205.png 600w, https:\/\/reflexologue-karineborget.com\/wp-content\/uploads\/2020\/12\/Page-Infos-pratiques-site-Karine-5-300x103.png 300w, https:\/\/reflexologue-karineborget.com\/wp-content\/uploads\/2020\/12\/Page-Infos-pratiques-site-Karine-5-1024x350.png 1024w, https:\/\/reflexologue-karineborget.com\/wp-content\/uploads\/2020\/12\/Page-Infos-pratiques-site-Karine-5-768x263.png 768w, https:\/\/reflexologue-karineborget.com\/wp-content\/uploads\/2020\/12\/Page-Infos-pratiques-site-Karine-5-2048x700.png 2048w\" sizes=\"(max-width: 1536px) 100vw, 1536px\" \/>\t\t\t\t\t\t\t\t<\/a>\n\t\t\t\t\t\t\t\t\t\t\t\t\t\t\t<\/div>\n\t\t\t\t<\/div>\n\t\t\t\t\t<\/div>\n\t\t<\/div>\n\t\t\t\t\t<\/div>\n\t\t<\/section>\n\t\t\t\t<section class=\"elementor-section elementor-top-section elementor-element elementor-element-f966970 elementor-section-full_width elementor-section-height-default elementor-section-height-default\" data-id=\"f966970\" data-element_type=\"section\">\n\t\t\t\t\t\t<div class=\"elementor-container elementor-column-gap-default\">\n\t\t\t\t\t<div class=\"elementor-column elementor-col-100 elementor-top-column elementor-element elementor-element-1cfa2d2\" data-id=\"1cfa2d2\" data-element_type=\"column\">\n\t\t\t<div class=\"elementor-widget-wrap elementor-element-populated\">\n\t\t\t\t\t\t<div class=\"elementor-element elementor-element-9f0df4f elementor-widget elementor-widget-image\" data-id=\"9f0df4f\" data-element_type=\"widget\" data-widget_type=\"image.default\">\n\t\t\t\t<div class=\"elementor-widget-container\">\n\t\t\t\t\t\t\t\t\t\t\t\t\t\t\t<img decoding=\"async\" width=\"2048\" height=\"300\" src=\"https:\/\/reflexologue-karineborget.com\/wp-content\/uploads\/2020\/12\/Copie-de-Page-Infos-pratiques-site-Karine-1-2048x300.png\" class=\"attachment-2048x2048 size-2048x2048 wp-image-551\" alt=\"\" srcset=\"https:\/\/reflexologue-karineborget.com\/wp-content\/uploads\/2020\/12\/Copie-de-Page-Infos-pratiques-site-Karine-1-2048x300.png 2048w, https:\/\/reflexologue-karineborget.com\/wp-content\/uploads\/2020\/12\/Copie-de-Page-Infos-pratiques-site-Karine-1-600x88.png 600w, https:\/\/reflexologue-karineborget.com\/wp-content\/uploads\/2020\/12\/Copie-de-Page-Infos-pratiques-site-Karine-1-300x44.png 300w, https:\/\/reflexologue-karineborget.com\/wp-content\/uploads\/2020\/12\/Copie-de-Page-Infos-pratiques-site-Karine-1-1024x150.png 1024w, https:\/\/reflexologue-karineborget.com\/wp-content\/uploads\/2020\/12\/Copie-de-Page-Infos-pratiques-site-Karine-1-768x113.png 768w, https:\/\/reflexologue-karineborget.com\/wp-content\/uploads\/2020\/12\/Copie-de-Page-Infos-pratiques-site-Karine-1-1536x225.png 1536w\" sizes=\"(max-width: 2048px) 100vw, 2048px\" \/>\t\t\t\t\t\t\t\t\t\t\t\t\t\t\t<\/div>\n\t\t\t\t<\/div>\n\t\t\t\t\t<\/div>\n\t\t<\/div>\n\t\t\t\t\t<\/div>\n\t\t<\/section>\n\t\t\t\t<section class=\"elementor-section elementor-top-section elementor-element elementor-element-69451ff elementor-section-boxed elementor-section-height-default elementor-section-height-default\" data-id=\"69451ff\" data-element_type=\"section\">\n\t\t\t\t\t\t<div class=\"elementor-container elementor-column-gap-default\">\n\t\t\t\t\t<div class=\"elementor-column elementor-col-100 elementor-top-column elementor-element elementor-element-cfbcbe7\" data-id=\"cfbcbe7\" data-element_type=\"column\">\n\t\t\t<div class=\"elementor-widget-wrap elementor-element-populated\">\n\t\t\t\t\t\t<div class=\"elementor-element elementor-element-5366d5e elementor-view-framed elementor-shape-circle elementor-invisible elementor-widget elementor-widget-icon\" data-id=\"5366d5e\" data-element_type=\"widget\" data-settings=\"{&quot;_animation&quot;:&quot;bounceIn&quot;}\" data-widget_type=\"icon.default\">\n\t\t\t\t<div class=\"elementor-widget-container\">\n\t\t\t\t\t\t\t<div class=\"elementor-icon-wrapper\">\n\t\t\t<a class=\"elementor-icon\" href=\"#horaires\">\n\t\t\t<i aria-hidden=\"true\" class=\"far fa-arrow-alt-circle-up\"><\/i>\t\t\t<\/a>\n\t\t<\/div>\n\t\t\t\t\t\t<\/div>\n\t\t\t\t<\/div>\n\t\t\t\t\t<\/div>\n\t\t<\/div>\n\t\t\t\t\t<\/div>\n\t\t<\/section>\n\t\t\t\t<\/div>\n\t\t","protected":false},"excerpt":{"rendered":"<p>LES HORAIRES Je vous propose des soins en r\u00e9flexologie plantaire, palmaire et \u00e9motionnelle et vous accueille sur rendez-vous du lundi au vendredi de 9h \u00e0 19h.<\/p>\n","protected":false},"author":1,"featured_media":0,"parent":0,"menu_order":0,"comment_status":"closed","ping_status":"closed","template":"","meta":{"site-sidebar-layout":"no-sidebar","site-content-layout":"page-builder","ast-site-content-layout":"","site-content-style":"default","site-sidebar-style":"default","ast-global-header-display":"","ast-banner-title-visibility":"","ast-main-header-display":"","ast-hfb-above-header-display":"","ast-hfb-below-header-display":"","ast-hfb-mobile-header-display":"","site-post-title":"disabled","ast-breadcrumbs-content":"","ast-featured-img":"disabled","footer-sml-layout":"","theme-transparent-header-meta":"default","adv-header-id-meta":"","stick-header-meta":"","header-above-stick-meta":"","header-main-stick-meta":"","header-below-stick-meta":"","astra-migrate-meta-layouts":"default","ast-page-background-enabled":"default","ast-page-background-meta":{"desktop":{"background-color":"var(--ast-global-color-4)","background-image":"","background-repeat":"repeat","background-position":"center center","background-size":"auto","background-attachment":"scroll","background-type":"","background-media":"","overlay-type":"","overlay-color":"","overlay-opacity":"","overlay-gradient":""},"tablet":{"background-color":"","background-image":"","background-repeat":"repeat","background-position":"center center","background-size":"auto","background-attachment":"scroll","background-type":"","background-media":"","overlay-type":"","overlay-color":"","overlay-opacity":"","overlay-gradient":""},"mobile":{"background-color":"","background-image":"","background-repeat":"repeat","background-position":"center center","background-size":"auto","background-attachment":"scroll","background-type":"","background-media":"","overlay-type":"","overlay-color":"","overlay-opacity":"","overlay-gradient":""}},"ast-content-background-meta":{"desktop":{"background-color":"var(--ast-global-color-5)","background-image":"","background-repeat":"repeat","background-position":"center center","background-size":"auto","background-attachment":"scroll","background-type":"","background-media":"","overlay-type":"","overlay-color":"","overlay-opacity":"","overlay-gradient":""},"tablet":{"background-color":"var(--ast-global-color-5)","background-image":"","background-repeat":"repeat","background-position":"center center","background-size":"auto","background-attachment":"scroll","background-type":"","background-media":"","overlay-type":"","overlay-color":"","overlay-opacity":"","overlay-gradient":""},"mobile":{"background-color":"var(--ast-global-color-5)","background-image":"","background-repeat":"repeat","background-position":"center center","background-size":"auto","background-attachment":"scroll","background-type":"","background-media":"","overlay-type":"","overlay-color":"","overlay-opacity":"","overlay-gradient":""}},"footnotes":""},"class_list":["post-139","page","type-page","status-publish","hentry"],"jetpack_sharing_enabled":true,"_links":{"self":[{"href":"https:\/\/reflexologue-karineborget.com\/index.php\/wp-json\/wp\/v2\/pages\/139","targetHints":{"allow":["GET"]}}],"collection":[{"href":"https:\/\/reflexologue-karineborget.com\/index.php\/wp-json\/wp\/v2\/pages"}],"about":[{"href":"https:\/\/reflexologue-karineborget.com\/index.php\/wp-json\/wp\/v2\/types\/page"}],"author":[{"embeddable":true,"href":"https:\/\/reflexologue-karineborget.com\/index.php\/wp-json\/wp\/v2\/users\/1"}],"replies":[{"embeddable":true,"href":"https:\/\/reflexologue-karineborget.com\/index.php\/wp-json\/wp\/v2\/comments?post=139"}],"version-history":[{"count":15,"href":"https:\/\/reflexologue-karineborget.com\/index.php\/wp-json\/wp\/v2\/pages\/139\/revisions"}],"predecessor-version":[{"id":780,"href":"https:\/\/reflexologue-karineborget.com\/index.php\/wp-json\/wp\/v2\/pages\/139\/revisions\/780"}],"wp:attachment":[{"href":"https:\/\/reflexologue-karineborget.com\/index.php\/wp-json\/wp\/v2\/media?parent=139"}],"curies":[{"name":"wp","href":"https:\/\/api.w.org\/{rel}","templated":true}]}}